{"id":946,"date":"2026-01-02T15:33:52","date_gmt":"2026-01-02T15:33:52","guid":{"rendered":"https:\/\/testsite.regla.is\/?page_id=946"},"modified":"2026-03-16T21:27:28","modified_gmt":"2026-03-16T21:27:28","slug":"um-reglu","status":"publish","type":"page","link":"https:\/\/www.regla.is\/is\/fyrirtaekid\/um-reglu\/","title":{"rendered":"Um Reglu"},"content":{"rendered":"<p>Regla ehf. var stofna\u00f0 12. desember 2008 og er a\u00f0 meirihluta \u00ed eigu Hawk Infinity AS.<\/p>\n<p>Markmi\u00f0 f\u00e9lagsins er a\u00f0 bj\u00f3\u00f0a upp \u00e1 vi\u00f0skiptakerfi og \u00fej\u00f3nustu sem veitir vi\u00f0skiptavinum okkar aukna sj\u00e1lfvirkni til a\u00f0 au\u00f0velda rekstur og minnka vinnu hj\u00e1 fyrirt\u00e6kjum af \u00f6llum st\u00e6r\u00f0um og ger\u00f0um.<\/p>\n","protected":false},"excerpt":{"rendered":"<p>Regla ehf. var stofna\u00f0 12. desember 2008 og er a\u00f0 meirihluta \u00ed eigu Hawk Infinity AS. Markmi\u00f0 f\u00e9lagsins er a\u00f0 bj\u00f3\u00f0a upp \u00e1 vi\u00f0skiptakerfi og \u00fej\u00f3nustu sem veitir vi\u00f0skiptavinum okkar aukna sj\u00e1lfvirkni til a\u00f0 au\u00f0velda rekstur og minnka vinnu hj\u00e1 fyrirt\u00e6kjum af \u00f6llum st\u00e6r\u00f0um og ger\u00f0um.<\/p>\n","protected":false},"author":1,"featured_media":0,"parent":1090,"menu_order":0,"comment_status":"closed","ping_status":"closed","template":"","meta":{"_acf_changed":false,"footnotes":""},"class_list":["post-946","page","type-page","status-publish","hentry"],"acf":[],"_links":{"self":[{"href":"https:\/\/www.regla.is\/is\/wp-json\/wp\/v2\/pages\/946","targetHints":{"allow":["GET"]}}],"collection":[{"href":"https:\/\/www.regla.is\/is\/wp-json\/wp\/v2\/pages"}],"about":[{"href":"https:\/\/www.regla.is\/is\/wp-json\/wp\/v2\/types\/page"}],"author":[{"embeddable":true,"href":"https:\/\/www.regla.is\/is\/wp-json\/wp\/v2\/users\/1"}],"replies":[{"embeddable":true,"href":"https:\/\/www.regla.is\/is\/wp-json\/wp\/v2\/comments?post=946"}],"version-history":[{"count":20,"href":"https:\/\/www.regla.is\/is\/wp-json\/wp\/v2\/pages\/946\/revisions"}],"predecessor-version":[{"id":2435,"href":"https:\/\/www.regla.is\/is\/wp-json\/wp\/v2\/pages\/946\/revisions\/2435"}],"up":[{"embeddable":true,"href":"https:\/\/www.regla.is\/is\/wp-json\/wp\/v2\/pages\/1090"}],"wp:attachment":[{"href":"https:\/\/www.regla.is\/is\/wp-json\/wp\/v2\/media?parent=946"}],"curies":[{"name":"wp","href":"https:\/\/api.w.org\/{rel}","templated":true}]}}