{"id":1261,"date":"2026-01-07T14:40:57","date_gmt":"2026-01-07T14:40:57","guid":{"rendered":"https:\/\/testsite.regla.is\/?page_id=1261"},"modified":"2026-02-02T12:40:16","modified_gmt":"2026-02-02T12:40:16","slug":"fagadilar","status":"publish","type":"page","link":"https:\/\/www.regla.is\/is\/thjonusta\/fagadilar\/","title":{"rendered":"Faga\u00f0ilar"},"content":{"rendered":"<p>H\u00e9r getur \u00fe\u00fa n\u00e1lgast uppl\u00fdsingar um alla \u00fe\u00e1 faga\u00f0ila sem nota og s\u00e9rh\u00e6fa sig \u00ed Reglu<\/p>\n","protected":false},"excerpt":{"rendered":"<p>H\u00e9r getur \u00fe\u00fa n\u00e1lgast uppl\u00fdsingar um alla \u00fe\u00e1 faga\u00f0ila sem nota og s\u00e9rh\u00e6fa sig \u00ed Reglu<\/p>\n","protected":false},"author":1,"featured_media":0,"parent":1088,"menu_order":0,"comment_status":"closed","ping_status":"closed","template":"","meta":{"_acf_changed":false,"footnotes":""},"class_list":["post-1261","page","type-page","status-publish","hentry"],"acf":[],"_links":{"self":[{"href":"https:\/\/www.regla.is\/is\/wp-json\/wp\/v2\/pages\/1261","targetHints":{"allow":["GET"]}}],"collection":[{"href":"https:\/\/www.regla.is\/is\/wp-json\/wp\/v2\/pages"}],"about":[{"href":"https:\/\/www.regla.is\/is\/wp-json\/wp\/v2\/types\/page"}],"author":[{"embeddable":true,"href":"https:\/\/www.regla.is\/is\/wp-json\/wp\/v2\/users\/1"}],"replies":[{"embeddable":true,"href":"https:\/\/www.regla.is\/is\/wp-json\/wp\/v2\/comments?post=1261"}],"version-history":[{"count":21,"href":"https:\/\/www.regla.is\/is\/wp-json\/wp\/v2\/pages\/1261\/revisions"}],"predecessor-version":[{"id":2182,"href":"https:\/\/www.regla.is\/is\/wp-json\/wp\/v2\/pages\/1261\/revisions\/2182"}],"up":[{"embeddable":true,"href":"https:\/\/www.regla.is\/is\/wp-json\/wp\/v2\/pages\/1088"}],"wp:attachment":[{"href":"https:\/\/www.regla.is\/is\/wp-json\/wp\/v2\/media?parent=1261"}],"curies":[{"name":"wp","href":"https:\/\/api.w.org\/{rel}","templated":true}]}}