{"id":1192,"date":"2026-01-07T12:29:41","date_gmt":"2026-01-07T12:29:41","guid":{"rendered":"https:\/\/testsite.regla.is\/?page_id=1192"},"modified":"2026-03-27T13:28:54","modified_gmt":"2026-03-27T13:28:54","slug":"namskeid","status":"publish","type":"page","link":"https:\/\/www.regla.is\/is\/thjonusta\/namskeid\/","title":{"rendered":"N\u00e1mskei\u00f0"},"content":{"rendered":"<p>Vi\u00f0 bj\u00f3\u00f0um upp \u00e1 fr\u00ed vefn\u00e1mskei\u00f0 \u00ed s\u00f6lukerfi, fj\u00e1rhagskerfi og launakerfi.<\/p>\n<p>N\u00e1mskei\u00f0in eru haldin \u00e1 m\u00e1nud\u00f6gum, \u00e1 tveggja m\u00e1na\u00f0a fresti.<\/p>\n<p>S\u00f6lukerfi\u00f0 og fj\u00e1rhagskerfi\u00f0 eru kennd sama dag, og er \u00feeim skipt upp \u00ed tvo hluta. Launakerfi\u00f0 er kennt vikunni eftir.<\/p>\n<p>Ef vilji er fyrir a\u00f0 sitja s\u00f6lu- og fj\u00e1rhagskerfin \u00ed heild, \u00fearf a\u00f0 skr\u00e1 sig \u00e1 b\u00e1\u00f0a hluta n\u00e1mskei\u00f0sins.<\/p>\n<p>S\u00f6lukerfi\u00f0 er kennt fr\u00e1 kl. 13:00 \u2013 14:15 og fj\u00e1rhagskerfi\u00f0 fr\u00e1 kl. 14:30 \u2013 15:45.<\/p>\n<p>Launakerfi\u00f0 er kennt fr\u00e1 kl. 13:00 \u2013 14:15.<\/p>\n","protected":false},"excerpt":{"rendered":"<p>Vi\u00f0 bj\u00f3\u00f0um upp \u00e1 fr\u00ed vefn\u00e1mskei\u00f0 \u00ed s\u00f6lukerfi, fj\u00e1rhagskerfi og launakerfi. N\u00e1mskei\u00f0in eru haldin \u00e1 m\u00e1nud\u00f6gum, \u00e1 tveggja m\u00e1na\u00f0a fresti. S\u00f6lukerfi\u00f0 og fj\u00e1rhagskerfi\u00f0 eru kennd sama dag, og er \u00feeim skipt upp \u00ed tvo hluta. Launakerfi\u00f0 er kennt vikunni eftir. Ef vilji er fyrir a\u00f0 sitja s\u00f6lu- og fj\u00e1rhagskerfin \u00ed heild, \u00fearf a\u00f0 skr\u00e1 sig [&hellip;]<\/p>\n","protected":false},"author":1,"featured_media":0,"parent":1088,"menu_order":0,"comment_status":"closed","ping_status":"closed","template":"","meta":{"_acf_changed":false,"footnotes":""},"class_list":["post-1192","page","type-page","status-publish","hentry"],"acf":[],"_links":{"self":[{"href":"https:\/\/www.regla.is\/is\/wp-json\/wp\/v2\/pages\/1192","targetHints":{"allow":["GET"]}}],"collection":[{"href":"https:\/\/www.regla.is\/is\/wp-json\/wp\/v2\/pages"}],"about":[{"href":"https:\/\/www.regla.is\/is\/wp-json\/wp\/v2\/types\/page"}],"author":[{"embeddable":true,"href":"https:\/\/www.regla.is\/is\/wp-json\/wp\/v2\/users\/1"}],"replies":[{"embeddable":true,"href":"https:\/\/www.regla.is\/is\/wp-json\/wp\/v2\/comments?post=1192"}],"version-history":[{"count":15,"href":"https:\/\/www.regla.is\/is\/wp-json\/wp\/v2\/pages\/1192\/revisions"}],"predecessor-version":[{"id":2440,"href":"https:\/\/www.regla.is\/is\/wp-json\/wp\/v2\/pages\/1192\/revisions\/2440"}],"up":[{"embeddable":true,"href":"https:\/\/www.regla.is\/is\/wp-json\/wp\/v2\/pages\/1088"}],"wp:attachment":[{"href":"https:\/\/www.regla.is\/is\/wp-json\/wp\/v2\/media?parent=1192"}],"curies":[{"name":"wp","href":"https:\/\/api.w.org\/{rel}","templated":true}]}}